{"id":7512,"date":"2023-11-14T10:28:42","date_gmt":"2023-11-14T09:28:42","guid":{"rendered":"https:\/\/petit-poh.shop\/commandes-personnalisees\/?post_type=product&#038;p=7512"},"modified":"2023-11-28T09:17:53","modified_gmt":"2023-11-28T08:17:53","slug":"serviette-table-enfant-elastique","status":"publish","type":"product","link":"https:\/\/petit-poh.shop\/commandes-personnalisees\/produit\/serviette-table-enfant-elastique\/","title":{"rendered":"Serviette table enfant \u00e9lastique"},"content":{"rendered":"","protected":false},"excerpt":{"rendered":"","protected":false},"featured_media":7513,"template":"","meta":[],"product_brand":[],"product_cat":[16,15],"product_tag":[],"class_list":{"0":"post-7512","1":"product","2":"type-product","3":"status-publish","4":"has-post-thumbnail","6":"product_cat-commandes-personnalisees","7":"product_cat-non-classe","8":"wcpa_has_options","10":"first","11":"instock","12":"shipping-taxable","13":"purchasable","14":"product-type-simple"},"yoast_head":"<!-- This site is optimized with the Yoast SEO plugin v27.3 - https:\/\/yoast.com\/product\/yoast-seo-wordpress\/ -->\n<title>Serviette table enfant \u00e9lastique -<\/title>\n<meta name=\"robots\" content=\"index, follow, max-snippet:-1, max-image-preview:large, max-video-preview:-1\" \/>\n<link rel=\"canonical\" href=\"https:\/\/petit-poh.shop\/commandes-personnalisees\/produit\/serviette-table-enfant-elastique\/\" \/>\n<meta property=\"og:locale\" content=\"fr_FR\" \/>\n<meta property=\"og:type\" content=\"article\" \/>\n<meta property=\"og:title\" content=\"Serviette table enfant \u00e9lastique -\" \/>\n<meta property=\"og:url\" content=\"https:\/\/petit-poh.shop\/commandes-personnalisees\/produit\/serviette-table-enfant-elastique\/\" \/>\n<meta property=\"article:modified_time\" content=\"2023-11-28T08:17:53+00:00\" \/>\n<meta property=\"og:image\" content=\"https:\/\/petit-poh.shop\/commandes-personnalisees\/wp-content\/uploads\/sites\/2\/2023\/11\/serviette-enfant.jpg\" \/>\n\t<meta property=\"og:image:width\" content=\"2048\" \/>\n\t<meta property=\"og:image:height\" content=\"2048\" \/>\n\t<meta property=\"og:image:type\" content=\"image\/jpeg\" \/>\n<meta name=\"twitter:card\" content=\"summary_large_image\" \/>\n<script type=\"application\/ld+json\" class=\"yoast-schema-graph\">{\"@context\":\"https:\\\/\\\/schema.org\",\"@graph\":[{\"@type\":\"WebPage\",\"@id\":\"https:\\\/\\\/petit-poh.shop\\\/commandes-personnalisees\\\/produit\\\/serviette-table-enfant-elastique\\\/\",\"url\":\"https:\\\/\\\/petit-poh.shop\\\/commandes-personnalisees\\\/produit\\\/serviette-table-enfant-elastique\\\/\",\"name\":\"Serviette table enfant \u00e9lastique -\",\"isPartOf\":{\"@id\":\"https:\\\/\\\/petit-poh.shop\\\/commandes-personnalisees\\\/#website\"},\"primaryImageOfPage\":{\"@id\":\"https:\\\/\\\/petit-poh.shop\\\/commandes-personnalisees\\\/produit\\\/serviette-table-enfant-elastique\\\/#primaryimage\"},\"image\":{\"@id\":\"https:\\\/\\\/petit-poh.shop\\\/commandes-personnalisees\\\/produit\\\/serviette-table-enfant-elastique\\\/#primaryimage\"},\"thumbnailUrl\":\"https:\\\/\\\/petit-poh.shop\\\/commandes-personnalisees\\\/wp-content\\\/uploads\\\/sites\\\/2\\\/2023\\\/11\\\/serviette-enfant.jpg\",\"datePublished\":\"2023-11-14T09:28:42+00:00\",\"dateModified\":\"2023-11-28T08:17:53+00:00\",\"breadcrumb\":{\"@id\":\"https:\\\/\\\/petit-poh.shop\\\/commandes-personnalisees\\\/produit\\\/serviette-table-enfant-elastique\\\/#breadcrumb\"},\"inLanguage\":\"fr-FR\",\"potentialAction\":[{\"@type\":\"ReadAction\",\"target\":[\"https:\\\/\\\/petit-poh.shop\\\/commandes-personnalisees\\\/produit\\\/serviette-table-enfant-elastique\\\/\"]}]},{\"@type\":\"ImageObject\",\"inLanguage\":\"fr-FR\",\"@id\":\"https:\\\/\\\/petit-poh.shop\\\/commandes-personnalisees\\\/produit\\\/serviette-table-enfant-elastique\\\/#primaryimage\",\"url\":\"https:\\\/\\\/petit-poh.shop\\\/commandes-personnalisees\\\/wp-content\\\/uploads\\\/sites\\\/2\\\/2023\\\/11\\\/serviette-enfant.jpg\",\"contentUrl\":\"https:\\\/\\\/petit-poh.shop\\\/commandes-personnalisees\\\/wp-content\\\/uploads\\\/sites\\\/2\\\/2023\\\/11\\\/serviette-enfant.jpg\",\"width\":2048,\"height\":2048},{\"@type\":\"BreadcrumbList\",\"@id\":\"https:\\\/\\\/petit-poh.shop\\\/commandes-personnalisees\\\/produit\\\/serviette-table-enfant-elastique\\\/#breadcrumb\",\"itemListElement\":[{\"@type\":\"ListItem\",\"position\":1,\"name\":\"Accueil\",\"item\":\"https:\\\/\\\/petit-poh.shop\\\/commandes-personnalisees\\\/\"},{\"@type\":\"ListItem\",\"position\":2,\"name\":\"Boutique\",\"item\":\"https:\\\/\\\/petit-poh.shop\\\/commandes-personnalisees\\\/boutique\\\/\"},{\"@type\":\"ListItem\",\"position\":3,\"name\":\"Serviette table enfant \u00e9lastique\"}]},{\"@type\":\"WebSite\",\"@id\":\"https:\\\/\\\/petit-poh.shop\\\/commandes-personnalisees\\\/#website\",\"url\":\"https:\\\/\\\/petit-poh.shop\\\/commandes-personnalisees\\\/\",\"name\":\"\",\"description\":\"\",\"potentialAction\":[{\"@type\":\"SearchAction\",\"target\":{\"@type\":\"EntryPoint\",\"urlTemplate\":\"https:\\\/\\\/petit-poh.shop\\\/commandes-personnalisees\\\/?s={search_term_string}\"},\"query-input\":{\"@type\":\"PropertyValueSpecification\",\"valueRequired\":true,\"valueName\":\"search_term_string\"}}],\"inLanguage\":\"fr-FR\"}]}<\/script>\n<!-- \/ Yoast SEO plugin. -->","yoast_head_json":{"title":"Serviette table enfant \u00e9lastique -","robots":{"index":"index","follow":"follow","max-snippet":"max-snippet:-1","max-image-preview":"max-image-preview:large","max-video-preview":"max-video-preview:-1"},"canonical":"https:\/\/petit-poh.shop\/commandes-personnalisees\/produit\/serviette-table-enfant-elastique\/","og_locale":"fr_FR","og_type":"article","og_title":"Serviette table enfant \u00e9lastique -","og_url":"https:\/\/petit-poh.shop\/commandes-personnalisees\/produit\/serviette-table-enfant-elastique\/","article_modified_time":"2023-11-28T08:17:53+00:00","og_image":[{"width":2048,"height":2048,"url":"https:\/\/petit-poh.shop\/commandes-personnalisees\/wp-content\/uploads\/sites\/2\/2023\/11\/serviette-enfant.jpg","type":"image\/jpeg"}],"twitter_card":"summary_large_image","schema":{"@context":"https:\/\/schema.org","@graph":[{"@type":"WebPage","@id":"https:\/\/petit-poh.shop\/commandes-personnalisees\/produit\/serviette-table-enfant-elastique\/","url":"https:\/\/petit-poh.shop\/commandes-personnalisees\/produit\/serviette-table-enfant-elastique\/","name":"Serviette table enfant \u00e9lastique -","isPartOf":{"@id":"https:\/\/petit-poh.shop\/commandes-personnalisees\/#website"},"primaryImageOfPage":{"@id":"https:\/\/petit-poh.shop\/commandes-personnalisees\/produit\/serviette-table-enfant-elastique\/#primaryimage"},"image":{"@id":"https:\/\/petit-poh.shop\/commandes-personnalisees\/produit\/serviette-table-enfant-elastique\/#primaryimage"},"thumbnailUrl":"https:\/\/petit-poh.shop\/commandes-personnalisees\/wp-content\/uploads\/sites\/2\/2023\/11\/serviette-enfant.jpg","datePublished":"2023-11-14T09:28:42+00:00","dateModified":"2023-11-28T08:17:53+00:00","breadcrumb":{"@id":"https:\/\/petit-poh.shop\/commandes-personnalisees\/produit\/serviette-table-enfant-elastique\/#breadcrumb"},"inLanguage":"fr-FR","potentialAction":[{"@type":"ReadAction","target":["https:\/\/petit-poh.shop\/commandes-personnalisees\/produit\/serviette-table-enfant-elastique\/"]}]},{"@type":"ImageObject","inLanguage":"fr-FR","@id":"https:\/\/petit-poh.shop\/commandes-personnalisees\/produit\/serviette-table-enfant-elastique\/#primaryimage","url":"https:\/\/petit-poh.shop\/commandes-personnalisees\/wp-content\/uploads\/sites\/2\/2023\/11\/serviette-enfant.jpg","contentUrl":"https:\/\/petit-poh.shop\/commandes-personnalisees\/wp-content\/uploads\/sites\/2\/2023\/11\/serviette-enfant.jpg","width":2048,"height":2048},{"@type":"BreadcrumbList","@id":"https:\/\/petit-poh.shop\/commandes-personnalisees\/produit\/serviette-table-enfant-elastique\/#breadcrumb","itemListElement":[{"@type":"ListItem","position":1,"name":"Accueil","item":"https:\/\/petit-poh.shop\/commandes-personnalisees\/"},{"@type":"ListItem","position":2,"name":"Boutique","item":"https:\/\/petit-poh.shop\/commandes-personnalisees\/boutique\/"},{"@type":"ListItem","position":3,"name":"Serviette table enfant \u00e9lastique"}]},{"@type":"WebSite","@id":"https:\/\/petit-poh.shop\/commandes-personnalisees\/#website","url":"https:\/\/petit-poh.shop\/commandes-personnalisees\/","name":"","description":"","potentialAction":[{"@type":"SearchAction","target":{"@type":"EntryPoint","urlTemplate":"https:\/\/petit-poh.shop\/commandes-personnalisees\/?s={search_term_string}"},"query-input":{"@type":"PropertyValueSpecification","valueRequired":true,"valueName":"search_term_string"}}],"inLanguage":"fr-FR"}]}},"wcpa_form_fields":{"wcpaData":{"product":{"product_price":10,"price_html":"<span class=\"woocommerce-Price-amount amount\"><bdi>10,00<span class=\"woocommerce-Price-currencySymbol\">&euro;<\/span><\/bdi><\/span>","original_product_price":10,"price_including_tax":10,"price_excluding_tax":10,"product_id":{"parent":7512,"variation":false},"is_variable":false,"stock_status":"instock","stock_quantity":null,"parent_sku":"","product_attributes":[],"custom_fields":[],"is_taxable":false,"product_name":"Serviette table enfant \u00e9lastique","hasImage":false},"fields":{"sec_86604163044836":{"extra":{"key":"sec_86604163044836","section_id":"sec_86604163044836","name":"Default","status":1,"cl_rule":"show","enableCl":false,"relations":[],"toggle":true,"title_tag":"h3","show_title":false,"showPrice":"default","form_id":7525,"form_rules":{"exclude_from_discount":false,"fee_label":"Fee","disp_hide_options_price":true,"disp_show_section_price":false,"disp_show_field_price":false,"layout_option":"standard","pric_use_as_fee":false,"process_fee_as":"woo_fee"},"layout_option":"standard"},"fields":[[{"type":"radio-group","required":true,"elementId":"wcpa-radio-group-6565a18c1f0ed","label":"Genre","priceOptions":"different_for_all","pricingType":"fixed","name":"radio-group-6565a18c1f101","other_text":"Other","cl_rule":"show","col":6,"values":[{"label":"Fille","value":"Fille","price":"","pimage":"","pimage_id":"","pthumb":"","gt_translate_keys":["label"]},{"label":"Gar\u00e7on","value":"Gar\u00e7on","price":"","pimage":"","pimage_id":"","pthumb":"","gt_translate_keys":["label"]},{"label":"Mixte","value":"Mixte","price":"","pimage":"","pimage_id":"","pthumb":"","gt_translate_keys":["label"]}],"relations":false,"active":true,"tooltip":"","layOut":"","gt_translate_keys":["label","tooltip"],"price_dependency":false,"cl_dependency":false,"value":""}],[{"type":"text","required":true,"elementId":"wcpa-text-6565a18c1f10f","label":"\u00c2ge","pricingType":"fixed","name":"text-6565a18c1f11a","subtype":"text","cl_rule":"show","col":"3","relations":false,"active":true,"tooltip":"","gt_translate_keys":["label","tooltip"],"price_dependency":false,"cl_dependency":false,"value":""}],[{"type":"radio-group","required":true,"elementId":"wcpa-radio-group-6565a18c1f12a","label":"Choix des couleurs","enablePrice":true,"priceOptions":"fixed_for_all","pricingType":"fixed","price":"10","name":"radio-group-6565a18c1f13f","other_text":"Other","cl_rule":"show","col":6,"values":[{"label":"Je choisis mes couleurs","value":"Je choisis mes couleurs","price":"","pimage":"","pimage_id":"","pthumb":"","gt_translate_keys":["label"]},{"label":"Je laisse carte blanche \u00e0 Petit Poh","value":"Je laisse carte blanche \u00e0 Petit Poh","price":"","pimage":"","pimage_id":"","pthumb":"","gt_translate_keys":["label"]}],"relations":false,"active":true,"tooltip":"","layOut":"","gt_translate_keys":["label","tooltip"],"price_dependency":false,"cl_dependency":["wcpa-color-group-6565a18c1f150","wcpa-textarea-6565a18c1f171"],"value":""}],[{"type":"color-group","required":true,"elementId":"wcpa-color-group-6565a18c1f150","label":"Palette de couleurs","inline":true,"priceOptions":"different_for_all","pricingType":"fixed","multiple":true,"name":"color-group-6565a18c1f161","disp_type":"squircle","selection_type":"tick","disp_size":{"width":"30","height":"30"},"cart_display_type":"text","other_text":"Other","enableCl":true,"cl_rule":"show","cl_val":"Je choisis mes couleurs","col":6,"values":[{"label":"Blanc","value":"Blanc","price":"","pimage":"","pimage_id":"","pthumb":"","color":"#ffffff","selected":true,"gt_translate_keys":["label"]},{"label":"Beige","value":"Beige","price":"","pimage":"","pimage_id":"","pthumb":"","color":"#ddbd8b","gt_translate_keys":["label"]},{"label":"Jaune","value":"Jaune","price":"","pimage":"","pimage_id":"","pthumb":"","color":"#eeee22","gt_translate_keys":["label"]},{"label":"Orange","value":"Orange","price":"","pimage":"","pimage_id":"","pthumb":"","color":"#f76b00","gt_translate_keys":["label"]},{"label":"Rouge","value":"Rouge","price":"","pimage":"","pimage_id":"","pthumb":"","color":"#dd3333","gt_translate_keys":["label"]},{"label":"Rose","value":"Rose","price":"","pimage":"","pimage_id":"","pthumb":"","color":"#ef56a5","gt_translate_keys":["label"]},{"label":"Violet","value":"Violet","price":"","pimage":"","pimage_id":"","pthumb":"","color":"#ad1dba","gt_translate_keys":["label"]},{"label":"Bleu","value":"Bleu","price":"","pimage":"","pimage_id":"","pthumb":"","color":"#25e8c7","gt_translate_keys":["label"]},{"label":"Vert","value":"Vert","price":"","pimage":"","pimage_id":"","pthumb":"","color":"#a2e216","gt_translate_keys":["label"]},{"label":"Marron","value":"Marron","price":"","pimage":"","pimage_id":"","pthumb":"","color":"#a55a0e","gt_translate_keys":["label"]},{"label":"Gris","value":"Gris","price":"","pimage":"","pimage_id":"","pthumb":"","color":"#d6d6d6","gt_translate_keys":["label"]},{"label":"Noir","value":"Noir","price":"","pimage":"","pimage_id":"","pthumb":"","color":"#000000","gt_translate_keys":["label"]}],"relations":[{"operator":false,"rules":[{"operator":false,"rules":{"cl_field":"wcpa-radio-group-6565a18c1f12a","cl_relation":"is","cl_val":"Je choisis mes couleurs"}}]}],"active":true,"tooltip":"","layOut":"inline","gt_translate_keys":["label","tooltip"],"price_dependency":false,"cl_dependency":false,"value":""}],[{"type":"textarea","required":true,"elementId":"wcpa-textarea-6565a18c1f171","label":"Pr\u00e9cisez les nuances","placeholder":"Exemple : Jaune moutarde, bleu canard, vert anis...","pricingType":"fixed","name":"textarea-6565a18c1f17f","enableCl":true,"cl_rule":"show","cl_val":"Je choisis mes couleurs","col":6,"relations":[{"operator":false,"rules":[{"operator":false,"rules":{"cl_field":"wcpa-radio-group-6565a18c1f12a","cl_relation":"is","cl_val":"Je choisis mes couleurs"}}]}],"active":true,"tooltip":"","gt_translate_keys":["label","placeholder","tooltip"],"price_dependency":false,"cl_dependency":false,"value":""}],[{"type":"radio-group","required":true,"elementId":"wcpa-radio-group-6565a18c1f18f","label":"Choix du th\u00e8me","priceOptions":"different_for_all","pricingType":"fixed","name":"radio-group-6565a18c1f19f","other_text":"Other","cl_rule":"show","col":6,"values":[{"label":"Je choisis mon th\u00e8me","value":"Je choisis mon th\u00e8me","price":"","pimage":"","pimage_id":"","pthumb":"","gt_translate_keys":["label"]},{"label":"Je laisse carte blanche \u00e0 Petit Poh","value":"Je laisse carte blanche \u00e0 Petit Poh","price":"","pimage":"","pimage_id":"","pthumb":"","gt_translate_keys":["label"]}],"relations":false,"active":true,"tooltip":"","layOut":"","gt_translate_keys":["label","tooltip"],"price_dependency":false,"cl_dependency":["wcpa-textarea-6565a18c1f1ae"],"value":""}],[{"type":"textarea","required":true,"elementId":"wcpa-textarea-6565a18c1f1ae","label":"Mon th\u00e8me","placeholder":"Exemple : Naturel, Animal, G\u00e9om\u00e9trique...","pricingType":"fixed","name":"textarea-6565a18c1f1be","enableCl":true,"cl_rule":"show","cl_val":"Je choisis mon th\u00e8me","col":6,"relations":[{"operator":false,"rules":[{"operator":false,"rules":{"cl_field":"wcpa-radio-group-6565a18c1f18f","cl_relation":"is","cl_val":"Je choisis mon th\u00e8me"}}]}],"active":true,"tooltip":"","gt_translate_keys":["label","placeholder","tooltip"],"price_dependency":false,"cl_dependency":false,"value":""}]]}},"config":{"price_override":"if_gt_zero","enable_recaptcha":false,"bind_quantity":false,"quantity_bind_formula":false,"disp_summ_show_option_price":false,"disp_summ_show_product_price":false,"disp_summ_show_total_price":true,"disp_summ_show_fee":false,"disp_summ_show_discount":false,"summary_title":"","options_total_label":"Options Price","total_label":"Total","options_product_label":"Product Price","fee_label":"Fee","discount_label":"Discount","has_price":true,"has_quantity_formula":false},"mc_unit":1,"tax_rate":1,"tax_rate_real":1,"discount":{"percentage":0,"fixed":0},"design":{"conf":{"LabelPosition":"above","DescPosition":"above","UploadField":"custom_1","QuantityFieldStyle":"default"},"css":{"LeftLabelWidth":"120px"}},"formulas":[],"clones":false,"cartKey":false}},"_links":{"self":[{"href":"https:\/\/petit-poh.shop\/commandes-personnalisees\/wp-json\/wp\/v2\/product\/7512","targetHints":{"allow":["GET"]}}],"collection":[{"href":"https:\/\/petit-poh.shop\/commandes-personnalisees\/wp-json\/wp\/v2\/product"}],"about":[{"href":"https:\/\/petit-poh.shop\/commandes-personnalisees\/wp-json\/wp\/v2\/types\/product"}],"wp:featuredmedia":[{"embeddable":true,"href":"https:\/\/petit-poh.shop\/commandes-personnalisees\/wp-json\/wp\/v2\/media\/7513"}],"wp:attachment":[{"href":"https:\/\/petit-poh.shop\/commandes-personnalisees\/wp-json\/wp\/v2\/media?parent=7512"}],"wp:term":[{"taxonomy":"product_brand","embeddable":true,"href":"https:\/\/petit-poh.shop\/commandes-personnalisees\/wp-json\/wp\/v2\/product_brand?post=7512"},{"taxonomy":"product_cat","embeddable":true,"href":"https:\/\/petit-poh.shop\/commandes-personnalisees\/wp-json\/wp\/v2\/product_cat?post=7512"},{"taxonomy":"product_tag","embeddable":true,"href":"https:\/\/petit-poh.shop\/commandes-personnalisees\/wp-json\/wp\/v2\/product_tag?post=7512"}],"curies":[{"name":"wp","href":"https:\/\/api.w.org\/{rel}","templated":true}]}}