{"id":6143,"date":"2021-06-28T16:47:54","date_gmt":"2021-06-28T14:47:54","guid":{"rendered":"https:\/\/petit-poh.shop\/produit\/import-placeholder-for-2330\/"},"modified":"2021-06-29T22:47:18","modified_gmt":"2021-06-29T20:47:18","slug":"mouchoir-a-lunite","status":"publish","type":"product","link":"https:\/\/petit-poh.shop\/commandes-personnalisees\/produit\/mouchoir-a-lunite\/","title":{"rendered":"Mouchoir \u00e0 l&rsquo;unit\u00e9"},"content":{"rendered":"","protected":false},"excerpt":{"rendered":"","protected":false},"featured_media":6831,"template":"","meta":[],"product_brand":[],"product_cat":[16,15],"product_tag":[],"class_list":{"0":"post-6143","1":"product","2":"type-product","3":"status-publish","4":"has-post-thumbnail","6":"product_cat-commandes-personnalisees","7":"product_cat-non-classe","8":"wcpa_has_options","10":"first","11":"instock","12":"shipping-taxable","13":"purchasable","14":"product-type-simple"},"yoast_head":"<!-- This site is optimized with the Yoast SEO plugin v27.3 - https:\/\/yoast.com\/product\/yoast-seo-wordpress\/ -->\n<title>Mouchoir \u00e0 l&#039;unit\u00e9 -<\/title>\n<meta name=\"robots\" content=\"index, follow, max-snippet:-1, max-image-preview:large, max-video-preview:-1\" \/>\n<link rel=\"canonical\" href=\"https:\/\/petit-poh.shop\/commandes-personnalisees\/produit\/mouchoir-a-lunite\/\" \/>\n<meta property=\"og:locale\" content=\"fr_FR\" \/>\n<meta property=\"og:type\" content=\"article\" \/>\n<meta property=\"og:title\" content=\"Mouchoir \u00e0 l&#039;unit\u00e9 -\" \/>\n<meta property=\"og:url\" content=\"https:\/\/petit-poh.shop\/commandes-personnalisees\/produit\/mouchoir-a-lunite\/\" \/>\n<meta property=\"article:modified_time\" content=\"2021-06-29T20:47:18+00:00\" \/>\n<meta property=\"og:image\" content=\"https:\/\/petit-poh.shop\/commandes-personnalisees\/wp-content\/uploads\/sites\/2\/2021\/06\/IMG_9174-scaled-1.jpg\" \/>\n\t<meta property=\"og:image:width\" content=\"2560\" \/>\n\t<meta property=\"og:image:height\" content=\"1707\" \/>\n\t<meta property=\"og:image:type\" content=\"image\/jpeg\" \/>\n<meta name=\"twitter:card\" content=\"summary_large_image\" \/>\n<script type=\"application\/ld+json\" class=\"yoast-schema-graph\">{\"@context\":\"https:\\\/\\\/schema.org\",\"@graph\":[{\"@type\":\"WebPage\",\"@id\":\"https:\\\/\\\/petit-poh.shop\\\/commandes-personnalisees\\\/produit\\\/mouchoir-a-lunite\\\/\",\"url\":\"https:\\\/\\\/petit-poh.shop\\\/commandes-personnalisees\\\/produit\\\/mouchoir-a-lunite\\\/\",\"name\":\"Mouchoir \u00e0 l'unit\u00e9 -\",\"isPartOf\":{\"@id\":\"https:\\\/\\\/petit-poh.shop\\\/commandes-personnalisees\\\/#website\"},\"primaryImageOfPage\":{\"@id\":\"https:\\\/\\\/petit-poh.shop\\\/commandes-personnalisees\\\/produit\\\/mouchoir-a-lunite\\\/#primaryimage\"},\"image\":{\"@id\":\"https:\\\/\\\/petit-poh.shop\\\/commandes-personnalisees\\\/produit\\\/mouchoir-a-lunite\\\/#primaryimage\"},\"thumbnailUrl\":\"https:\\\/\\\/petit-poh.shop\\\/commandes-personnalisees\\\/wp-content\\\/uploads\\\/sites\\\/2\\\/2021\\\/06\\\/IMG_9174-scaled-1.jpg\",\"datePublished\":\"2021-06-28T14:47:54+00:00\",\"dateModified\":\"2021-06-29T20:47:18+00:00\",\"breadcrumb\":{\"@id\":\"https:\\\/\\\/petit-poh.shop\\\/commandes-personnalisees\\\/produit\\\/mouchoir-a-lunite\\\/#breadcrumb\"},\"inLanguage\":\"fr-FR\",\"potentialAction\":[{\"@type\":\"ReadAction\",\"target\":[\"https:\\\/\\\/petit-poh.shop\\\/commandes-personnalisees\\\/produit\\\/mouchoir-a-lunite\\\/\"]}]},{\"@type\":\"ImageObject\",\"inLanguage\":\"fr-FR\",\"@id\":\"https:\\\/\\\/petit-poh.shop\\\/commandes-personnalisees\\\/produit\\\/mouchoir-a-lunite\\\/#primaryimage\",\"url\":\"https:\\\/\\\/petit-poh.shop\\\/commandes-personnalisees\\\/wp-content\\\/uploads\\\/sites\\\/2\\\/2021\\\/06\\\/IMG_9174-scaled-1.jpg\",\"contentUrl\":\"https:\\\/\\\/petit-poh.shop\\\/commandes-personnalisees\\\/wp-content\\\/uploads\\\/sites\\\/2\\\/2021\\\/06\\\/IMG_9174-scaled-1.jpg\",\"width\":2560,\"height\":1707},{\"@type\":\"BreadcrumbList\",\"@id\":\"https:\\\/\\\/petit-poh.shop\\\/commandes-personnalisees\\\/produit\\\/mouchoir-a-lunite\\\/#breadcrumb\",\"itemListElement\":[{\"@type\":\"ListItem\",\"position\":1,\"name\":\"Accueil\",\"item\":\"https:\\\/\\\/petit-poh.shop\\\/commandes-personnalisees\\\/\"},{\"@type\":\"ListItem\",\"position\":2,\"name\":\"Boutique\",\"item\":\"https:\\\/\\\/petit-poh.shop\\\/commandes-personnalisees\\\/boutique\\\/\"},{\"@type\":\"ListItem\",\"position\":3,\"name\":\"Mouchoir \u00e0 l&rsquo;unit\u00e9\"}]},{\"@type\":\"WebSite\",\"@id\":\"https:\\\/\\\/petit-poh.shop\\\/commandes-personnalisees\\\/#website\",\"url\":\"https:\\\/\\\/petit-poh.shop\\\/commandes-personnalisees\\\/\",\"name\":\"\",\"description\":\"\",\"potentialAction\":[{\"@type\":\"SearchAction\",\"target\":{\"@type\":\"EntryPoint\",\"urlTemplate\":\"https:\\\/\\\/petit-poh.shop\\\/commandes-personnalisees\\\/?s={search_term_string}\"},\"query-input\":{\"@type\":\"PropertyValueSpecification\",\"valueRequired\":true,\"valueName\":\"search_term_string\"}}],\"inLanguage\":\"fr-FR\"}]}<\/script>\n<!-- \/ Yoast SEO plugin. -->","yoast_head_json":{"title":"Mouchoir \u00e0 l'unit\u00e9 -","robots":{"index":"index","follow":"follow","max-snippet":"max-snippet:-1","max-image-preview":"max-image-preview:large","max-video-preview":"max-video-preview:-1"},"canonical":"https:\/\/petit-poh.shop\/commandes-personnalisees\/produit\/mouchoir-a-lunite\/","og_locale":"fr_FR","og_type":"article","og_title":"Mouchoir \u00e0 l'unit\u00e9 -","og_url":"https:\/\/petit-poh.shop\/commandes-personnalisees\/produit\/mouchoir-a-lunite\/","article_modified_time":"2021-06-29T20:47:18+00:00","og_image":[{"width":2560,"height":1707,"url":"https:\/\/petit-poh.shop\/commandes-personnalisees\/wp-content\/uploads\/sites\/2\/2021\/06\/IMG_9174-scaled-1.jpg","type":"image\/jpeg"}],"twitter_card":"summary_large_image","schema":{"@context":"https:\/\/schema.org","@graph":[{"@type":"WebPage","@id":"https:\/\/petit-poh.shop\/commandes-personnalisees\/produit\/mouchoir-a-lunite\/","url":"https:\/\/petit-poh.shop\/commandes-personnalisees\/produit\/mouchoir-a-lunite\/","name":"Mouchoir \u00e0 l'unit\u00e9 -","isPartOf":{"@id":"https:\/\/petit-poh.shop\/commandes-personnalisees\/#website"},"primaryImageOfPage":{"@id":"https:\/\/petit-poh.shop\/commandes-personnalisees\/produit\/mouchoir-a-lunite\/#primaryimage"},"image":{"@id":"https:\/\/petit-poh.shop\/commandes-personnalisees\/produit\/mouchoir-a-lunite\/#primaryimage"},"thumbnailUrl":"https:\/\/petit-poh.shop\/commandes-personnalisees\/wp-content\/uploads\/sites\/2\/2021\/06\/IMG_9174-scaled-1.jpg","datePublished":"2021-06-28T14:47:54+00:00","dateModified":"2021-06-29T20:47:18+00:00","breadcrumb":{"@id":"https:\/\/petit-poh.shop\/commandes-personnalisees\/produit\/mouchoir-a-lunite\/#breadcrumb"},"inLanguage":"fr-FR","potentialAction":[{"@type":"ReadAction","target":["https:\/\/petit-poh.shop\/commandes-personnalisees\/produit\/mouchoir-a-lunite\/"]}]},{"@type":"ImageObject","inLanguage":"fr-FR","@id":"https:\/\/petit-poh.shop\/commandes-personnalisees\/produit\/mouchoir-a-lunite\/#primaryimage","url":"https:\/\/petit-poh.shop\/commandes-personnalisees\/wp-content\/uploads\/sites\/2\/2021\/06\/IMG_9174-scaled-1.jpg","contentUrl":"https:\/\/petit-poh.shop\/commandes-personnalisees\/wp-content\/uploads\/sites\/2\/2021\/06\/IMG_9174-scaled-1.jpg","width":2560,"height":1707},{"@type":"BreadcrumbList","@id":"https:\/\/petit-poh.shop\/commandes-personnalisees\/produit\/mouchoir-a-lunite\/#breadcrumb","itemListElement":[{"@type":"ListItem","position":1,"name":"Accueil","item":"https:\/\/petit-poh.shop\/commandes-personnalisees\/"},{"@type":"ListItem","position":2,"name":"Boutique","item":"https:\/\/petit-poh.shop\/commandes-personnalisees\/boutique\/"},{"@type":"ListItem","position":3,"name":"Mouchoir \u00e0 l&rsquo;unit\u00e9"}]},{"@type":"WebSite","@id":"https:\/\/petit-poh.shop\/commandes-personnalisees\/#website","url":"https:\/\/petit-poh.shop\/commandes-personnalisees\/","name":"","description":"","potentialAction":[{"@type":"SearchAction","target":{"@type":"EntryPoint","urlTemplate":"https:\/\/petit-poh.shop\/commandes-personnalisees\/?s={search_term_string}"},"query-input":{"@type":"PropertyValueSpecification","valueRequired":true,"valueName":"search_term_string"}}],"inLanguage":"fr-FR"}]}},"wcpa_form_fields":{"wcpaData":{"product":{"product_price":4,"price_html":"<span class=\"woocommerce-Price-amount amount\"><bdi>4,00<span class=\"woocommerce-Price-currencySymbol\">&euro;<\/span><\/bdi><\/span>","original_product_price":4,"price_including_tax":4,"price_excluding_tax":4,"product_id":{"parent":6143,"variation":false},"is_variable":false,"stock_status":"instock","stock_quantity":null,"parent_sku":"","product_attributes":[],"custom_fields":[],"is_taxable":false,"product_name":"Mouchoir \u00e0 l'unit\u00e9","hasImage":false},"fields":{"sec_7660416ba54986":{"extra":{"key":"sec_7660416ba54986","section_id":"sec_7660416ba54986","name":"Default","status":1,"cl_rule":"show","enableCl":false,"relations":[],"toggle":true,"title_tag":"h3","show_title":false,"showPrice":"default","form_id":6819,"form_rules":{"exclude_from_discount":false,"fee_label":"Fee","disp_hide_options_price":true,"disp_show_section_price":false,"disp_show_field_price":false,"layout_option":"standard","pric_use_as_fee":false,"process_fee_as":"woo_fee"},"layout_option":"standard"},"fields":[[{"type":"radio-group","required":true,"elementId":"wcpa-radio-group-5e28a918dabfa","label":"Choix des couleurs","enablePrice":true,"priceOptions":"fixed_for_all","pricingType":"fixed","price":"4","name":"radio-group-5e28a918dac09","cl_rule":"show","col":6,"values":[{"label":"Je choisis mes couleurs","value":"Je choisis mes couleurs","price":"","pimage":"","pimage_id":"","pthumb":"","gt_translate_keys":["label"]},{"label":"Je laisse carte blanche \u00e0 Petit Poh","value":"Je laisse carte blanche \u00e0 Petit Poh","price":"","pimage":"","pimage_id":"","pthumb":"","gt_translate_keys":["label"]}],"relations":false,"active":true,"tooltip":"","layOut":"","gt_translate_keys":["label","tooltip"],"price_dependency":false,"cl_dependency":["wcpa-color-group-5e28a918dac15","wcpa-textarea-5e28a918dac2a"],"value":""}],[{"type":"color-group","required":true,"elementId":"wcpa-color-group-5e28a918dac15","label":"Palette de couleurs","inline":true,"priceOptions":"different_for_all","pricingType":"fixed","multiple":true,"name":"color-group-5e28a918dac20","disp_type":"squircle","selection_type":"tick","disp_size":{"width":"30","height":"30"},"cart_display_type":"text","enableCl":true,"cl_rule":"show","cl_val":"Je choisis mes couleurs","col":6,"values":[{"label":"Blanc","value":"Blanc","price":"","pimage":"","pimage_id":"","pthumb":"","color":"#ffffff","selected":true,"gt_translate_keys":["label"]},{"label":"Beige","value":"Beige","price":"","pimage":"","pimage_id":"","pthumb":"","color":"#ddbd8b","gt_translate_keys":["label"]},{"label":"Jaune","value":"Jaune","price":"","pimage":"","pimage_id":"","pthumb":"","color":"#eeee22","gt_translate_keys":["label"]},{"label":"Orange","value":"Orange","price":"","pimage":"","pimage_id":"","pthumb":"","color":"#f76b00","gt_translate_keys":["label"]},{"label":"Rouge","value":"Rouge","price":"","pimage":"","pimage_id":"","pthumb":"","color":"#dd3333","gt_translate_keys":["label"]},{"label":"Rose","value":"Rose","price":"","pimage":"","pimage_id":"","pthumb":"","color":"#ef56a5","gt_translate_keys":["label"]},{"label":"Violet","value":"Violet","price":"","pimage":"","pimage_id":"","pthumb":"","color":"#ad1dba","gt_translate_keys":["label"]},{"label":"Bleu","value":"Bleu","price":"","pimage":"","pimage_id":"","pthumb":"","color":"#25e8c7","gt_translate_keys":["label"]},{"label":"Vert","value":"Vert","price":"","pimage":"","pimage_id":"","pthumb":"","color":"#a2e216","gt_translate_keys":["label"]},{"label":"Marron","value":"Marron","price":"","pimage":"","pimage_id":"","pthumb":"","color":"#a55a0e","gt_translate_keys":["label"]},{"label":"Gris","value":"Gris","price":"","pimage":"","pimage_id":"","pthumb":"","color":"#d6d6d6","gt_translate_keys":["label"]},{"label":"Noir","value":"Noir","price":"","pimage":"","pimage_id":"","pthumb":"","color":"#000000","gt_translate_keys":["label"]}],"relations":[{"operator":false,"rules":[{"operator":false,"rules":{"cl_field":"wcpa-radio-group-5e28a918dabfa","cl_relation":"is","cl_val":"Je choisis mes couleurs"}}]}],"active":true,"tooltip":"","layOut":"inline","gt_translate_keys":["label","tooltip"],"price_dependency":false,"cl_dependency":false,"value":""}],[{"type":"textarea","required":true,"elementId":"wcpa-textarea-5e28a918dac2a","label":"Pr\u00e9cisez les nuances","placeholder":"Exemple : Jaune moutarde, bleu canard, vert anis...","pricingType":"fixed","name":"textarea-5e28a918dac34","enableCl":true,"cl_rule":"show","cl_val":"Je choisis mes couleurs","col":6,"relations":[{"operator":false,"rules":[{"operator":false,"rules":{"cl_field":"wcpa-radio-group-5e28a918dabfa","cl_relation":"is","cl_val":"Je choisis mes couleurs"}}]}],"active":true,"tooltip":"","gt_translate_keys":["label","placeholder","tooltip"],"price_dependency":false,"cl_dependency":false,"value":""}],[{"type":"radio-group","required":true,"elementId":"wcpa-radio-group-5e28a918dac3e","label":"Choix du th\u00e8me","priceOptions":"different_for_all","pricingType":"fixed","name":"radio-group-5e28a918dac49","cl_rule":"show","col":6,"values":[{"label":"Je choisis mon th\u00e8me","value":"Je choisis mon th\u00e8me","price":"","pimage":"","pimage_id":"","pthumb":"","gt_translate_keys":["label"]},{"label":"Je laisse carte blanche \u00e0 Petit Poh","value":"Je laisse carte blanche \u00e0 Petit Poh","price":"","pimage":"","pimage_id":"","pthumb":"","gt_translate_keys":["label"]}],"relations":false,"active":true,"tooltip":"","layOut":"","gt_translate_keys":["label","tooltip"],"price_dependency":false,"cl_dependency":["wcpa-textarea-5e28a918dac53"],"value":""}],[{"type":"textarea","required":true,"elementId":"wcpa-textarea-5e28a918dac53","label":"Mon th\u00e8me","placeholder":"Exemple : Naturel, Animal, G\u00e9om\u00e9trique...","pricingType":"fixed","name":"textarea-5e28a918dac5c","enableCl":true,"cl_rule":"show","cl_val":"Je choisis mon th\u00e8me","col":6,"relations":[{"operator":false,"rules":[{"operator":false,"rules":{"cl_field":"wcpa-radio-group-5e28a918dac3e","cl_relation":"is","cl_val":"Je choisis mon th\u00e8me"}}]}],"active":true,"tooltip":"","gt_translate_keys":["label","placeholder","tooltip"],"price_dependency":false,"cl_dependency":false,"value":""}]]}},"config":{"price_override":"if_gt_zero","enable_recaptcha":false,"bind_quantity":false,"quantity_bind_formula":false,"disp_summ_show_option_price":false,"disp_summ_show_product_price":false,"disp_summ_show_total_price":true,"disp_summ_show_fee":false,"disp_summ_show_discount":false,"summary_title":"","options_total_label":"Options Price","total_label":"Total","options_product_label":"Product Price","fee_label":"Fee","discount_label":"Discount","has_price":true,"has_quantity_formula":false},"mc_unit":1,"tax_rate":1,"tax_rate_real":1,"discount":{"percentage":0,"fixed":0},"design":{"conf":{"LabelPosition":"above","DescPosition":"above","UploadField":"custom_1","QuantityFieldStyle":"default"},"css":{"LeftLabelWidth":"120px"}},"formulas":[],"clones":false,"cartKey":false}},"_links":{"self":[{"href":"https:\/\/petit-poh.shop\/commandes-personnalisees\/wp-json\/wp\/v2\/product\/6143","targetHints":{"allow":["GET"]}}],"collection":[{"href":"https:\/\/petit-poh.shop\/commandes-personnalisees\/wp-json\/wp\/v2\/product"}],"about":[{"href":"https:\/\/petit-poh.shop\/commandes-personnalisees\/wp-json\/wp\/v2\/types\/product"}],"wp:featuredmedia":[{"embeddable":true,"href":"https:\/\/petit-poh.shop\/commandes-personnalisees\/wp-json\/wp\/v2\/media\/6831"}],"wp:attachment":[{"href":"https:\/\/petit-poh.shop\/commandes-personnalisees\/wp-json\/wp\/v2\/media?parent=6143"}],"wp:term":[{"taxonomy":"product_brand","embeddable":true,"href":"https:\/\/petit-poh.shop\/commandes-personnalisees\/wp-json\/wp\/v2\/product_brand?post=6143"},{"taxonomy":"product_cat","embeddable":true,"href":"https:\/\/petit-poh.shop\/commandes-personnalisees\/wp-json\/wp\/v2\/product_cat?post=6143"},{"taxonomy":"product_tag","embeddable":true,"href":"https:\/\/petit-poh.shop\/commandes-personnalisees\/wp-json\/wp\/v2\/product_tag?post=6143"}],"curies":[{"name":"wp","href":"https:\/\/api.w.org\/{rel}","templated":true}]}}