{"id":6136,"date":"2021-06-28T16:47:54","date_gmt":"2021-06-28T14:47:54","guid":{"rendered":"https:\/\/petit-poh.shop\/produit\/import-placeholder-for-2253\/"},"modified":"2022-04-01T16:13:46","modified_gmt":"2022-04-01T14:13:46","slug":"rouleau-dessuie-tout","status":"publish","type":"product","link":"https:\/\/petit-poh.shop\/commandes-personnalisees\/produit\/rouleau-dessuie-tout\/","title":{"rendered":"Rouleau d&rsquo;Essuie-Tout"},"content":{"rendered":"","protected":false},"excerpt":{"rendered":"","protected":false},"featured_media":6823,"template":"","meta":[],"product_brand":[],"product_cat":[16,15],"product_tag":[],"class_list":{"0":"post-6136","1":"product","2":"type-product","3":"status-publish","4":"has-post-thumbnail","6":"product_cat-commandes-personnalisees","7":"product_cat-non-classe","8":"wcpa_has_options","10":"first","11":"instock","12":"shipping-taxable","13":"purchasable","14":"product-type-simple"},"yoast_head":"<!-- This site is optimized with the Yoast SEO plugin v27.3 - https:\/\/yoast.com\/product\/yoast-seo-wordpress\/ -->\n<title>Rouleau d&#039;Essuie-Tout -<\/title>\n<meta name=\"robots\" content=\"index, follow, max-snippet:-1, max-image-preview:large, max-video-preview:-1\" \/>\n<link rel=\"canonical\" href=\"https:\/\/petit-poh.shop\/commandes-personnalisees\/produit\/rouleau-dessuie-tout\/\" \/>\n<meta property=\"og:locale\" content=\"fr_FR\" \/>\n<meta property=\"og:type\" content=\"article\" \/>\n<meta property=\"og:title\" content=\"Rouleau d&#039;Essuie-Tout -\" \/>\n<meta property=\"og:url\" content=\"https:\/\/petit-poh.shop\/commandes-personnalisees\/produit\/rouleau-dessuie-tout\/\" \/>\n<meta property=\"article:modified_time\" content=\"2022-04-01T14:13:46+00:00\" \/>\n<meta property=\"og:image\" content=\"https:\/\/petit-poh.shop\/commandes-personnalisees\/wp-content\/uploads\/sites\/2\/2021\/06\/IMG_3962-scaled-1.jpg\" \/>\n\t<meta property=\"og:image:width\" content=\"1707\" \/>\n\t<meta property=\"og:image:height\" content=\"2560\" \/>\n\t<meta property=\"og:image:type\" content=\"image\/jpeg\" \/>\n<meta name=\"twitter:card\" content=\"summary_large_image\" \/>\n<script type=\"application\/ld+json\" class=\"yoast-schema-graph\">{\"@context\":\"https:\\\/\\\/schema.org\",\"@graph\":[{\"@type\":\"WebPage\",\"@id\":\"https:\\\/\\\/petit-poh.shop\\\/commandes-personnalisees\\\/produit\\\/rouleau-dessuie-tout\\\/\",\"url\":\"https:\\\/\\\/petit-poh.shop\\\/commandes-personnalisees\\\/produit\\\/rouleau-dessuie-tout\\\/\",\"name\":\"Rouleau d'Essuie-Tout -\",\"isPartOf\":{\"@id\":\"https:\\\/\\\/petit-poh.shop\\\/commandes-personnalisees\\\/#website\"},\"primaryImageOfPage\":{\"@id\":\"https:\\\/\\\/petit-poh.shop\\\/commandes-personnalisees\\\/produit\\\/rouleau-dessuie-tout\\\/#primaryimage\"},\"image\":{\"@id\":\"https:\\\/\\\/petit-poh.shop\\\/commandes-personnalisees\\\/produit\\\/rouleau-dessuie-tout\\\/#primaryimage\"},\"thumbnailUrl\":\"https:\\\/\\\/petit-poh.shop\\\/commandes-personnalisees\\\/wp-content\\\/uploads\\\/sites\\\/2\\\/2021\\\/06\\\/IMG_3962-scaled-1.jpg\",\"datePublished\":\"2021-06-28T14:47:54+00:00\",\"dateModified\":\"2022-04-01T14:13:46+00:00\",\"breadcrumb\":{\"@id\":\"https:\\\/\\\/petit-poh.shop\\\/commandes-personnalisees\\\/produit\\\/rouleau-dessuie-tout\\\/#breadcrumb\"},\"inLanguage\":\"fr-FR\",\"potentialAction\":[{\"@type\":\"ReadAction\",\"target\":[\"https:\\\/\\\/petit-poh.shop\\\/commandes-personnalisees\\\/produit\\\/rouleau-dessuie-tout\\\/\"]}]},{\"@type\":\"ImageObject\",\"inLanguage\":\"fr-FR\",\"@id\":\"https:\\\/\\\/petit-poh.shop\\\/commandes-personnalisees\\\/produit\\\/rouleau-dessuie-tout\\\/#primaryimage\",\"url\":\"https:\\\/\\\/petit-poh.shop\\\/commandes-personnalisees\\\/wp-content\\\/uploads\\\/sites\\\/2\\\/2021\\\/06\\\/IMG_3962-scaled-1.jpg\",\"contentUrl\":\"https:\\\/\\\/petit-poh.shop\\\/commandes-personnalisees\\\/wp-content\\\/uploads\\\/sites\\\/2\\\/2021\\\/06\\\/IMG_3962-scaled-1.jpg\",\"width\":1707,\"height\":2560},{\"@type\":\"BreadcrumbList\",\"@id\":\"https:\\\/\\\/petit-poh.shop\\\/commandes-personnalisees\\\/produit\\\/rouleau-dessuie-tout\\\/#breadcrumb\",\"itemListElement\":[{\"@type\":\"ListItem\",\"position\":1,\"name\":\"Accueil\",\"item\":\"https:\\\/\\\/petit-poh.shop\\\/commandes-personnalisees\\\/\"},{\"@type\":\"ListItem\",\"position\":2,\"name\":\"Boutique\",\"item\":\"https:\\\/\\\/petit-poh.shop\\\/commandes-personnalisees\\\/boutique\\\/\"},{\"@type\":\"ListItem\",\"position\":3,\"name\":\"Rouleau d&rsquo;Essuie-Tout\"}]},{\"@type\":\"WebSite\",\"@id\":\"https:\\\/\\\/petit-poh.shop\\\/commandes-personnalisees\\\/#website\",\"url\":\"https:\\\/\\\/petit-poh.shop\\\/commandes-personnalisees\\\/\",\"name\":\"\",\"description\":\"\",\"potentialAction\":[{\"@type\":\"SearchAction\",\"target\":{\"@type\":\"EntryPoint\",\"urlTemplate\":\"https:\\\/\\\/petit-poh.shop\\\/commandes-personnalisees\\\/?s={search_term_string}\"},\"query-input\":{\"@type\":\"PropertyValueSpecification\",\"valueRequired\":true,\"valueName\":\"search_term_string\"}}],\"inLanguage\":\"fr-FR\"}]}<\/script>\n<!-- \/ Yoast SEO plugin. -->","yoast_head_json":{"title":"Rouleau d'Essuie-Tout -","robots":{"index":"index","follow":"follow","max-snippet":"max-snippet:-1","max-image-preview":"max-image-preview:large","max-video-preview":"max-video-preview:-1"},"canonical":"https:\/\/petit-poh.shop\/commandes-personnalisees\/produit\/rouleau-dessuie-tout\/","og_locale":"fr_FR","og_type":"article","og_title":"Rouleau d'Essuie-Tout -","og_url":"https:\/\/petit-poh.shop\/commandes-personnalisees\/produit\/rouleau-dessuie-tout\/","article_modified_time":"2022-04-01T14:13:46+00:00","og_image":[{"width":1707,"height":2560,"url":"https:\/\/petit-poh.shop\/commandes-personnalisees\/wp-content\/uploads\/sites\/2\/2021\/06\/IMG_3962-scaled-1.jpg","type":"image\/jpeg"}],"twitter_card":"summary_large_image","schema":{"@context":"https:\/\/schema.org","@graph":[{"@type":"WebPage","@id":"https:\/\/petit-poh.shop\/commandes-personnalisees\/produit\/rouleau-dessuie-tout\/","url":"https:\/\/petit-poh.shop\/commandes-personnalisees\/produit\/rouleau-dessuie-tout\/","name":"Rouleau d'Essuie-Tout -","isPartOf":{"@id":"https:\/\/petit-poh.shop\/commandes-personnalisees\/#website"},"primaryImageOfPage":{"@id":"https:\/\/petit-poh.shop\/commandes-personnalisees\/produit\/rouleau-dessuie-tout\/#primaryimage"},"image":{"@id":"https:\/\/petit-poh.shop\/commandes-personnalisees\/produit\/rouleau-dessuie-tout\/#primaryimage"},"thumbnailUrl":"https:\/\/petit-poh.shop\/commandes-personnalisees\/wp-content\/uploads\/sites\/2\/2021\/06\/IMG_3962-scaled-1.jpg","datePublished":"2021-06-28T14:47:54+00:00","dateModified":"2022-04-01T14:13:46+00:00","breadcrumb":{"@id":"https:\/\/petit-poh.shop\/commandes-personnalisees\/produit\/rouleau-dessuie-tout\/#breadcrumb"},"inLanguage":"fr-FR","potentialAction":[{"@type":"ReadAction","target":["https:\/\/petit-poh.shop\/commandes-personnalisees\/produit\/rouleau-dessuie-tout\/"]}]},{"@type":"ImageObject","inLanguage":"fr-FR","@id":"https:\/\/petit-poh.shop\/commandes-personnalisees\/produit\/rouleau-dessuie-tout\/#primaryimage","url":"https:\/\/petit-poh.shop\/commandes-personnalisees\/wp-content\/uploads\/sites\/2\/2021\/06\/IMG_3962-scaled-1.jpg","contentUrl":"https:\/\/petit-poh.shop\/commandes-personnalisees\/wp-content\/uploads\/sites\/2\/2021\/06\/IMG_3962-scaled-1.jpg","width":1707,"height":2560},{"@type":"BreadcrumbList","@id":"https:\/\/petit-poh.shop\/commandes-personnalisees\/produit\/rouleau-dessuie-tout\/#breadcrumb","itemListElement":[{"@type":"ListItem","position":1,"name":"Accueil","item":"https:\/\/petit-poh.shop\/commandes-personnalisees\/"},{"@type":"ListItem","position":2,"name":"Boutique","item":"https:\/\/petit-poh.shop\/commandes-personnalisees\/boutique\/"},{"@type":"ListItem","position":3,"name":"Rouleau d&rsquo;Essuie-Tout"}]},{"@type":"WebSite","@id":"https:\/\/petit-poh.shop\/commandes-personnalisees\/#website","url":"https:\/\/petit-poh.shop\/commandes-personnalisees\/","name":"","description":"","potentialAction":[{"@type":"SearchAction","target":{"@type":"EntryPoint","urlTemplate":"https:\/\/petit-poh.shop\/commandes-personnalisees\/?s={search_term_string}"},"query-input":{"@type":"PropertyValueSpecification","valueRequired":true,"valueName":"search_term_string"}}],"inLanguage":"fr-FR"}]}},"wcpa_form_fields":{"wcpaData":{"product":{"product_price":25,"price_html":"<span class=\"woocommerce-Price-amount amount\"><bdi>25,00<span class=\"woocommerce-Price-currencySymbol\">&euro;<\/span><\/bdi><\/span>","original_product_price":25,"price_including_tax":25,"price_excluding_tax":25,"product_id":{"parent":6136,"variation":false},"is_variable":false,"stock_status":"instock","stock_quantity":null,"parent_sku":"","product_attributes":[],"custom_fields":[],"is_taxable":false,"product_name":"Rouleau d'Essuie-Tout","hasImage":false},"fields":{"sec_1660416839d70f":{"extra":{"key":"sec_1660416839d70f","section_id":"sec_1660416839d70f","name":"Default","status":1,"cl_rule":"show","enableCl":false,"relations":[],"toggle":true,"title_tag":"h3","show_title":false,"showPrice":"default","form_id":6986,"form_rules":{"exclude_from_discount":false,"fee_label":"Fee","disp_hide_options_price":false,"disp_show_section_price":false,"disp_show_field_price":false,"layout_option":"standard","pric_use_as_fee":false,"process_fee_as":"woo_fee"},"layout_option":"standard"},"fields":[[{"type":"radio-group","required":true,"elementId":"wcpa-radio-group-61ab59154f1d0","label":"Nombre de feuilles","enablePrice":true,"priceOptions":"different_for_all","pricingType":"fixed","price":"25","name":"radio-group-61ab59154f1e1","other_text":"Other","cl_rule":"show","col":6,"values":[{"label":"5 feuilles","value":"5 feuilles","price":"25","pimage":"","pimage_id":"","pthumb":"","gt_translate_keys":["label"]},{"label":"10 feuilles","value":"10 feuilles","price":"50","pimage":"","pimage_id":"","pthumb":"","gt_translate_keys":["label"]},{"label":"15 feuilles","value":"15 feuilles","price":"75","pimage":"","pimage_id":"","pthumb":"","gt_translate_keys":["label"]}],"relations":false,"active":true,"tooltip":"","layOut":"","gt_translate_keys":["label","tooltip"],"price_dependency":false,"cl_dependency":false,"value":""}],[{"type":"radio-group","required":true,"elementId":"wcpa-radio-group-1638708982325","label":"Avec ou sans pressions","priceOptions":"fixed_for_all","pricingType":"fixed","price":"25","name":"radio-group-1638708982324","other_text":"Other","cl_rule":"show","col":6,"values":[{"label":"Avec pressions","value":"Avec pressions","price":"","pimage":"","pimage_id":"","pthumb":"","gt_translate_keys":["label"]},{"label":"Sans pression","value":"Sans pression","price":"","pimage":"","pimage_id":"","pthumb":"","gt_translate_keys":["label"]}],"relations":false,"active":true,"tooltip":"","layOut":"","gt_translate_keys":["label","tooltip"],"price_dependency":false,"cl_dependency":false,"value":""}],[{"type":"radio-group","required":true,"elementId":"wcpa-radio-group-61ab59154f1f0","label":"Choix des couleurs","priceOptions":"different_for_all","pricingType":"fixed","name":"radio-group-61ab59154f1fd","other_text":"Other","cl_rule":"show","col":6,"values":[{"label":"Je choisis mes couleurs","value":"Je choisis mes couleurs","price":"","pimage":"","pimage_id":"","pthumb":"","gt_translate_keys":["label"]},{"label":"Je laisse carte blanche \u00e0 Petit Poh","value":"Je laisse carte blanche \u00e0 Petit Poh","price":"","pimage":"","pimage_id":"","pthumb":"","gt_translate_keys":["label"]}],"relations":false,"active":true,"tooltip":"","layOut":"","gt_translate_keys":["label","tooltip"],"price_dependency":false,"cl_dependency":["wcpa-color-group-61ab59154f20b","wcpa-textarea-61ab59154f225"],"value":""}],[{"type":"color-group","required":true,"elementId":"wcpa-color-group-61ab59154f20b","label":"Palette de couleurs","inline":true,"priceOptions":"different_for_all","pricingType":"fixed","multiple":true,"name":"color-group-61ab59154f218","disp_type":"squircle","selection_type":"tick","disp_size":{"width":"30","height":"30"},"cart_display_type":"text","other_text":"Other","enableCl":true,"cl_rule":"show","cl_val":"Je choisis mes couleurs","col":6,"values":[{"label":"Blanc","value":"Blanc","price":"","pimage":"","pimage_id":"","pthumb":"","color":"#ffffff","selected":true,"gt_translate_keys":["label"]},{"label":"Beige","value":"Beige","price":"","pimage":"","pimage_id":"","pthumb":"","color":"#ddbd8b","gt_translate_keys":["label"]},{"label":"Jaune","value":"Jaune","price":"","pimage":"","pimage_id":"","pthumb":"","color":"#eeee22","gt_translate_keys":["label"]},{"label":"Orange","value":"Orange","price":"","pimage":"","pimage_id":"","pthumb":"","color":"#f76b00","gt_translate_keys":["label"]},{"label":"Rouge","value":"Rouge","price":"","pimage":"","pimage_id":"","pthumb":"","color":"#dd3333","gt_translate_keys":["label"]},{"label":"Rose","value":"Rose","price":"","pimage":"","pimage_id":"","pthumb":"","color":"#ef56a5","gt_translate_keys":["label"]},{"label":"Violet","value":"Violet","price":"","pimage":"","pimage_id":"","pthumb":"","color":"#ad1dba","gt_translate_keys":["label"]},{"label":"Bleu","value":"Bleu","price":"","pimage":"","pimage_id":"","pthumb":"","color":"#25e8c7","gt_translate_keys":["label"]},{"label":"Vert","value":"Vert","price":"","pimage":"","pimage_id":"","pthumb":"","color":"#a2e216","gt_translate_keys":["label"]},{"label":"Marron","value":"Marron","price":"","pimage":"","pimage_id":"","pthumb":"","color":"#a55a0e","gt_translate_keys":["label"]},{"label":"Gris","value":"Gris","price":"","pimage":"","pimage_id":"","pthumb":"","color":"#d6d6d6","gt_translate_keys":["label"]},{"label":"Noir","value":"Noir","price":"","pimage":"","pimage_id":"","pthumb":"","color":"#000000","gt_translate_keys":["label"]}],"relations":[{"operator":false,"rules":[{"operator":false,"rules":{"cl_field":"wcpa-radio-group-61ab59154f1f0","cl_relation":"is","cl_val":"Je choisis mes couleurs"}}]}],"active":true,"tooltip":"","layOut":"inline","gt_translate_keys":["label","tooltip"],"price_dependency":false,"cl_dependency":false,"value":""}],[{"type":"textarea","required":true,"elementId":"wcpa-textarea-61ab59154f225","label":"Pr\u00e9cisez les nuances","placeholder":"Exemple : Jaune moutarde, bleu canard, vert anis...","pricingType":"fixed","name":"textarea-61ab59154f231","enableCl":true,"cl_rule":"show","cl_val":"Je choisis mes couleurs","col":6,"relations":[{"operator":false,"rules":[{"operator":false,"rules":{"cl_field":"wcpa-radio-group-61ab59154f1f0","cl_relation":"is","cl_val":"Je choisis mes couleurs"}}]}],"active":true,"tooltip":"","gt_translate_keys":["label","placeholder","tooltip"],"price_dependency":false,"cl_dependency":false,"value":""}],[{"type":"radio-group","required":true,"elementId":"wcpa-radio-group-61ab59154f23f","label":"Choix du th\u00e8me","priceOptions":"different_for_all","pricingType":"fixed","name":"radio-group-61ab59154f24c","other_text":"Other","cl_rule":"show","col":6,"values":[{"label":"Je choisis mon th\u00e8me","value":"Je choisis mon th\u00e8me","price":"","pimage":"","pimage_id":"","pthumb":"","gt_translate_keys":["label"]},{"label":"Je laisse carte blanche \u00e0 Petit Poh","value":"Je laisse carte blanche \u00e0 Petit Poh","price":"","pimage":"","pimage_id":"","pthumb":"","gt_translate_keys":["label"]}],"relations":false,"active":true,"tooltip":"","layOut":"","gt_translate_keys":["label","tooltip"],"price_dependency":false,"cl_dependency":["wcpa-textarea-61ab59154f258"],"value":""}],[{"type":"textarea","required":true,"elementId":"wcpa-textarea-61ab59154f258","label":"Mon th\u00e8me","placeholder":"Exemple : Naturel, Animal, G\u00e9om\u00e9trique...","pricingType":"fixed","name":"textarea-61ab59154f265","enableCl":true,"cl_rule":"show","cl_val":"Je choisis mon th\u00e8me","col":6,"relations":[{"operator":false,"rules":[{"operator":false,"rules":{"cl_field":"wcpa-radio-group-61ab59154f23f","cl_relation":"is","cl_val":"Je choisis mon th\u00e8me"}}]}],"active":true,"tooltip":"","gt_translate_keys":["label","placeholder","tooltip"],"price_dependency":false,"cl_dependency":false,"value":""}]]}},"config":{"price_override":"if_gt_zero","enable_recaptcha":false,"bind_quantity":false,"quantity_bind_formula":false,"disp_summ_show_option_price":false,"disp_summ_show_product_price":true,"disp_summ_show_total_price":true,"disp_summ_show_fee":false,"disp_summ_show_discount":false,"summary_title":"","options_total_label":"Options Price","total_label":"Total","options_product_label":"Product Price","fee_label":"Fee","discount_label":"Discount","has_price":true,"has_quantity_formula":false},"mc_unit":1,"tax_rate":1,"tax_rate_real":1,"discount":{"percentage":0,"fixed":0},"design":{"conf":{"LabelPosition":"above","DescPosition":"above","UploadField":"custom_1","QuantityFieldStyle":"default"},"css":{"LeftLabelWidth":"120px"}},"formulas":[],"clones":false,"cartKey":false}},"_links":{"self":[{"href":"https:\/\/petit-poh.shop\/commandes-personnalisees\/wp-json\/wp\/v2\/product\/6136","targetHints":{"allow":["GET"]}}],"collection":[{"href":"https:\/\/petit-poh.shop\/commandes-personnalisees\/wp-json\/wp\/v2\/product"}],"about":[{"href":"https:\/\/petit-poh.shop\/commandes-personnalisees\/wp-json\/wp\/v2\/types\/product"}],"wp:featuredmedia":[{"embeddable":true,"href":"https:\/\/petit-poh.shop\/commandes-personnalisees\/wp-json\/wp\/v2\/media\/6823"}],"wp:attachment":[{"href":"https:\/\/petit-poh.shop\/commandes-personnalisees\/wp-json\/wp\/v2\/media?parent=6136"}],"wp:term":[{"taxonomy":"product_brand","embeddable":true,"href":"https:\/\/petit-poh.shop\/commandes-personnalisees\/wp-json\/wp\/v2\/product_brand?post=6136"},{"taxonomy":"product_cat","embeddable":true,"href":"https:\/\/petit-poh.shop\/commandes-personnalisees\/wp-json\/wp\/v2\/product_cat?post=6136"},{"taxonomy":"product_tag","embeddable":true,"href":"https:\/\/petit-poh.shop\/commandes-personnalisees\/wp-json\/wp\/v2\/product_tag?post=6136"}],"curies":[{"name":"wp","href":"https:\/\/api.w.org\/{rel}","templated":true}]}}