{"id":6835,"date":"2021-06-29T22:54:02","date_gmt":"2021-06-29T20:54:02","guid":{"rendered":"https:\/\/petit-poh.shop\/ventes-flash\/?page_id=6835"},"modified":"2021-07-13T22:59:07","modified_gmt":"2021-07-13T20:59:07","slug":"mon-suivi-commande","status":"publish","type":"page","link":"https:\/\/petit-poh.shop\/commandes-personnalisees\/mon-suivi-commande\/","title":{"rendered":"Mon suivi commande"},"content":{"rendered":"","protected":false},"excerpt":{"rendered":"","protected":false},"author":1,"featured_media":0,"parent":0,"menu_order":0,"comment_status":"closed","ping_status":"closed","template":"list-orders.php","meta":{"footnotes":""},"class_list":["post-6835","page","type-page","status-publish","hentry"],"yoast_head":"<!-- This site is optimized with the Yoast SEO plugin v27.3 - https:\/\/yoast.com\/product\/yoast-seo-wordpress\/ -->\n<title>Petit-Poh - Le Z\u00e9ro D\u00e9chet vivant et color\u00e9 - Mon suivi commande<\/title>\n<meta name=\"robots\" content=\"index, follow, max-snippet:-1, max-image-preview:large, max-video-preview:-1\" \/>\n<link rel=\"canonical\" href=\"https:\/\/petit-poh.shop\/commandes-personnalisees\/mon-suivi-commande\/\" \/>\n<meta property=\"og:locale\" content=\"fr_FR\" \/>\n<meta property=\"og:type\" content=\"article\" \/>\n<meta property=\"og:title\" content=\"Petit-Poh - Le Z\u00e9ro D\u00e9chet vivant et color\u00e9 - Mon suivi commande\" \/>\n<meta property=\"og:url\" content=\"https:\/\/petit-poh.shop\/commandes-personnalisees\/mon-suivi-commande\/\" \/>\n<meta property=\"article:modified_time\" content=\"2021-07-13T20:59:07+00:00\" \/>\n<meta name=\"twitter:card\" content=\"summary_large_image\" \/>\n<script type=\"application\/ld+json\" class=\"yoast-schema-graph\">{\"@context\":\"https:\\\/\\\/schema.org\",\"@graph\":[{\"@type\":\"WebPage\",\"@id\":\"https:\\\/\\\/petit-poh.shop\\\/commandes-personnalisees\\\/mon-suivi-commande\\\/\",\"url\":\"https:\\\/\\\/petit-poh.shop\\\/commandes-personnalisees\\\/mon-suivi-commande\\\/\",\"name\":\"Petit-Poh - Le Z\u00e9ro D\u00e9chet vivant et color\u00e9 - Mon suivi commande\",\"isPartOf\":{\"@id\":\"https:\\\/\\\/petit-poh.shop\\\/commandes-personnalisees\\\/#website\"},\"datePublished\":\"2021-06-29T20:54:02+00:00\",\"dateModified\":\"2021-07-13T20:59:07+00:00\",\"breadcrumb\":{\"@id\":\"https:\\\/\\\/petit-poh.shop\\\/commandes-personnalisees\\\/mon-suivi-commande\\\/#breadcrumb\"},\"inLanguage\":\"fr-FR\",\"potentialAction\":[{\"@type\":\"ReadAction\",\"target\":[\"https:\\\/\\\/petit-poh.shop\\\/commandes-personnalisees\\\/mon-suivi-commande\\\/\"]}]},{\"@type\":\"BreadcrumbList\",\"@id\":\"https:\\\/\\\/petit-poh.shop\\\/commandes-personnalisees\\\/mon-suivi-commande\\\/#breadcrumb\",\"itemListElement\":[{\"@type\":\"ListItem\",\"position\":1,\"name\":\"Accueil\",\"item\":\"https:\\\/\\\/petit-poh.shop\\\/commandes-personnalisees\\\/\"},{\"@type\":\"ListItem\",\"position\":2,\"name\":\"Mon suivi commande\"}]},{\"@type\":\"WebSite\",\"@id\":\"https:\\\/\\\/petit-poh.shop\\\/commandes-personnalisees\\\/#website\",\"url\":\"https:\\\/\\\/petit-poh.shop\\\/commandes-personnalisees\\\/\",\"name\":\"\",\"description\":\"\",\"potentialAction\":[{\"@type\":\"SearchAction\",\"target\":{\"@type\":\"EntryPoint\",\"urlTemplate\":\"https:\\\/\\\/petit-poh.shop\\\/commandes-personnalisees\\\/?s={search_term_string}\"},\"query-input\":{\"@type\":\"PropertyValueSpecification\",\"valueRequired\":true,\"valueName\":\"search_term_string\"}}],\"inLanguage\":\"fr-FR\"}]}<\/script>\n<!-- \/ Yoast SEO plugin. -->","yoast_head_json":{"title":"Petit-Poh - Le Z\u00e9ro D\u00e9chet vivant et color\u00e9 - Mon suivi commande","robots":{"index":"index","follow":"follow","max-snippet":"max-snippet:-1","max-image-preview":"max-image-preview:large","max-video-preview":"max-video-preview:-1"},"canonical":"https:\/\/petit-poh.shop\/commandes-personnalisees\/mon-suivi-commande\/","og_locale":"fr_FR","og_type":"article","og_title":"Petit-Poh - Le Z\u00e9ro D\u00e9chet vivant et color\u00e9 - Mon suivi commande","og_url":"https:\/\/petit-poh.shop\/commandes-personnalisees\/mon-suivi-commande\/","article_modified_time":"2021-07-13T20:59:07+00:00","twitter_card":"summary_large_image","schema":{"@context":"https:\/\/schema.org","@graph":[{"@type":"WebPage","@id":"https:\/\/petit-poh.shop\/commandes-personnalisees\/mon-suivi-commande\/","url":"https:\/\/petit-poh.shop\/commandes-personnalisees\/mon-suivi-commande\/","name":"Petit-Poh - Le Z\u00e9ro D\u00e9chet vivant et color\u00e9 - Mon suivi commande","isPartOf":{"@id":"https:\/\/petit-poh.shop\/commandes-personnalisees\/#website"},"datePublished":"2021-06-29T20:54:02+00:00","dateModified":"2021-07-13T20:59:07+00:00","breadcrumb":{"@id":"https:\/\/petit-poh.shop\/commandes-personnalisees\/mon-suivi-commande\/#breadcrumb"},"inLanguage":"fr-FR","potentialAction":[{"@type":"ReadAction","target":["https:\/\/petit-poh.shop\/commandes-personnalisees\/mon-suivi-commande\/"]}]},{"@type":"BreadcrumbList","@id":"https:\/\/petit-poh.shop\/commandes-personnalisees\/mon-suivi-commande\/#breadcrumb","itemListElement":[{"@type":"ListItem","position":1,"name":"Accueil","item":"https:\/\/petit-poh.shop\/commandes-personnalisees\/"},{"@type":"ListItem","position":2,"name":"Mon suivi commande"}]},{"@type":"WebSite","@id":"https:\/\/petit-poh.shop\/commandes-personnalisees\/#website","url":"https:\/\/petit-poh.shop\/commandes-personnalisees\/","name":"","description":"","potentialAction":[{"@type":"SearchAction","target":{"@type":"EntryPoint","urlTemplate":"https:\/\/petit-poh.shop\/commandes-personnalisees\/?s={search_term_string}"},"query-input":{"@type":"PropertyValueSpecification","valueRequired":true,"valueName":"search_term_string"}}],"inLanguage":"fr-FR"}]}},"_links":{"self":[{"href":"https:\/\/petit-poh.shop\/commandes-personnalisees\/wp-json\/wp\/v2\/pages\/6835","targetHints":{"allow":["GET"]}}],"collection":[{"href":"https:\/\/petit-poh.shop\/commandes-personnalisees\/wp-json\/wp\/v2\/pages"}],"about":[{"href":"https:\/\/petit-poh.shop\/commandes-personnalisees\/wp-json\/wp\/v2\/types\/page"}],"author":[{"embeddable":true,"href":"https:\/\/petit-poh.shop\/commandes-personnalisees\/wp-json\/wp\/v2\/users\/1"}],"replies":[{"embeddable":true,"href":"https:\/\/petit-poh.shop\/commandes-personnalisees\/wp-json\/wp\/v2\/comments?post=6835"}],"version-history":[{"count":0,"href":"https:\/\/petit-poh.shop\/commandes-personnalisees\/wp-json\/wp\/v2\/pages\/6835\/revisions"}],"wp:attachment":[{"href":"https:\/\/petit-poh.shop\/commandes-personnalisees\/wp-json\/wp\/v2\/media?parent=6835"}],"curies":[{"name":"wp","href":"https:\/\/api.w.org\/{rel}","templated":true}]}}